{"id":87955,"date":"2021-09-07T11:04:27","date_gmt":"2021-09-07T11:04:27","guid":{"rendered":"https:\/\/grupomultimedia.es\/web\/?page_id=87955"},"modified":"2022-12-12T12:20:03","modified_gmt":"2022-12-12T12:20:03","slug":"inicio","status":"publish","type":"page","link":"https:\/\/grupomultimedia.es\/web\/","title":{"rendered":"Inicio"},"content":{"rendered":"<p>[vc_row unlock_row_content=\u00bbyes\u00bb row_height_percent=\u00bb100&#8243; overlay_alpha=\u00bb15&#8243; gutter_size=\u00bb3&#8243; column_width_percent=\u00bb100&#8243; shift_y=\u00bb0&#8243; z_index=\u00bb0&#8243; sticky=\u00bbyes\u00bb front_end_with_slider=\u00bbtrue\u00bb][vc_column column_width_percent=\u00bb100&#8243; position_vertical=\u00bbmiddle\u00bb align_horizontal=\u00bbalign_center\u00bb gutter_size=\u00bb3&#8243; expand_height=\u00bbyes\u00bb overlay_alpha=\u00bb50&#8243; shift_x=\u00bb0&#8243; shift_y=\u00bb0&#8243; shift_y_down=\u00bb0&#8243; z_index=\u00bb0&#8243; medium_width=\u00bb0&#8243; mobile_width=\u00bb0&#8243; css_animation=\u00bbzoom-out\u00bb width=\u00bb1\/1&#8243;][uncode_slider slider_interval=\u00bb5000&#8243; slider_navspeed=\u00bb1000&#8243; slider_loop=\u00bbyes\u00bb slider_hide_arrows=\u00bbyes\u00bb][vc_row_inner row_inner_height_percent=\u00bb0&#8243; back_image=\u00bb88665&#8243; back_position=\u00bbcenter bottom\u00bb kburns=\u00bbyes\u00bb overlay_color=\u00bbcolor-jevc\u00bb overlay_alpha=\u00bb40&#8243; gutter_size=\u00bb3&#8243; shift_y=\u00bb0&#8243; z_index=\u00bb0&#8243; limit_content=\u00bb\u00bb front_end_with_slider=\u00bbtrue\u00bb][vc_column_inner column_width_percent=\u00bb100&#8243; position_vertical=\u00bbmiddle\u00bb align_horizontal=\u00bbalign_center\u00bb gutter_size=\u00bb3&#8243; style=\u00bbdark\u00bb font_family=\u00bbfont-762333&#8243; overlay_alpha=\u00bb50&#8243; shift_x=\u00bb0&#8243; shift_y=\u00bb0&#8243; shift_y_down=\u00bb0&#8243; z_index=\u00bb0&#8243; medium_width=\u00bb0&#8243; mobile_width=\u00bb0&#8243; zoom_width=\u00bb0&#8243; zoom_height=\u00bb0&#8243; width=\u00bb1\/1&#8243;][vc_custom_heading text_size=\u00bbfontsize-445851&#8243; text_weight=\u00bb700&#8243; text_transform=\u00bbcapitalize\u00bb text_height=\u00bbfontheight-179065&#8243; text_space=\u00bbfontspace-111509&#8243; css_animation=\u00bbsingle-slide-opposite\u00bb animation_delay=\u00bb400&#8243; title=\u00bb\u00bb]<\/p>\n<p style=\"font-size: 75px;\">Multimedia Jiennense<\/p>\n<p>[\/vc_custom_heading][vc_custom_heading text_font=\u00bbfont-202503&#8243; text_size=\u00bbh3&#8243; text_weight=\u00bb400&#8243; text_height=\u00bbfontheight-357766&#8243; css_animation=\u00bbbottom-t-top\u00bb animation_delay=\u00bb600&#8243;]<\/p>\n<p style=\"font-size: 20px;\">Comunicaci\u00f3n cercana, accesible y responsable<\/p>\n<p>[\/vc_custom_heading][vc_button border_width=\u00bb0&#8243; css_animation=\u00bbbottom-t-top\u00bb link=\u00bburl:%2Fnueva%2Finicio%2F%23slide-4|title:Contacto\u00bb]Contacto[\/vc_button][\/vc_column_inner][\/vc_row_inner][vc_row_inner row_inner_height_percent=\u00bb0&#8243; back_image=\u00bb88057&#8243; kburns=\u00bbyes\u00bb overlay_color=\u00bbcolor-nhtu\u00bb overlay_alpha=\u00bb40&#8243; gutter_size=\u00bb3&#8243; shift_y=\u00bb0&#8243; z_index=\u00bb0&#8243; limit_content=\u00bb\u00bb front_end_with_slider=\u00bbtrue\u00bb][vc_column_inner column_width_percent=\u00bb100&#8243; position_vertical=\u00bbmiddle\u00bb align_horizontal=\u00bbalign_center\u00bb gutter_size=\u00bb3&#8243; style=\u00bbdark\u00bb overlay_alpha=\u00bb50&#8243; shift_x=\u00bb0&#8243; shift_y=\u00bb0&#8243; shift_y_down=\u00bb0&#8243; z_index=\u00bb0&#8243; medium_width=\u00bb0&#8243; mobile_width=\u00bb0&#8243; zoom_width=\u00bb0&#8243; zoom_height=\u00bb0&#8243; width=\u00bb1\/1&#8243;][vc_custom_heading text_size=\u00bbfontsize-445851&#8243; text_weight=\u00bb700&#8243; text_transform=\u00bbcapitalize\u00bb text_height=\u00bbfontheight-179065&#8243; text_space=\u00bbfontspace-111509&#8243; css_animation=\u00bbcurtain-words\u00bb animation_delay=\u00bb400&#8243; title=\u00bb\u00bb]<\/p>\n<p style=\"font-size: 75px;\">Nos apasiona la comunicaci\u00f3n<\/p>\n<p>[\/vc_custom_heading][vc_custom_heading text_font=\u00bbfont-202503&#8243; text_size=\u00bbh3&#8243; text_weight=\u00bb400&#8243; text_height=\u00bbfontheight-357766&#8243; css_animation=\u00bbbottom-t-top\u00bb animation_delay=\u00bb600&#8243;]<\/p>\n<p style=\"font-size: 20px;\">Nuevos tiempos, medios y formatos. Innovaci\u00f3n para una informaci\u00f3n implicada socialmente, \u00e9tica y responsable<\/p>\n<p>[\/vc_custom_heading][vc_button border_width=\u00bb0&#8243; css_animation=\u00bbbottom-t-top\u00bb link=\u00bburl:%2Fnueva%2Finicio%2F%23slide-1|title:Qui%C3%A9nes%20Somos\u00bb]Quienes somos[\/vc_button][\/vc_column_inner][\/vc_row_inner][vc_row_inner row_inner_height_percent=\u00bb0&#8243; back_image=\u00bb88064&#8243; back_position=\u00bbcenter bottom\u00bb kburns=\u00bbyes\u00bb overlay_color=\u00bbcolor-nhtu\u00bb overlay_alpha=\u00bb40&#8243; gutter_size=\u00bb3&#8243; shift_y=\u00bb0&#8243; z_index=\u00bb0&#8243; limit_content=\u00bb\u00bb front_end_with_slider=\u00bbtrue\u00bb][vc_column_inner column_width_percent=\u00bb100&#8243; position_vertical=\u00bbmiddle\u00bb align_horizontal=\u00bbalign_center\u00bb gutter_size=\u00bb3&#8243; style=\u00bbdark\u00bb overlay_alpha=\u00bb50&#8243; shift_x=\u00bb0&#8243; shift_y=\u00bb0&#8243; shift_y_down=\u00bb0&#8243; z_index=\u00bb0&#8243; medium_width=\u00bb0&#8243; mobile_width=\u00bb0&#8243; zoom_width=\u00bb0&#8243; zoom_height=\u00bb0&#8243; width=\u00bb1\/1&#8243;][vc_custom_heading text_size=\u00bbfontsize-445851&#8243; text_weight=\u00bb700&#8243; text_transform=\u00bbcapitalize\u00bb text_height=\u00bbfontheight-179065&#8243; text_space=\u00bbfontspace-111509&#8243; css_animation=\u00bbsingle-slide-opposite\u00bb animation_delay=\u00bb400&#8243; title=\u00bb\u00bb]<\/p>\n<p style=\"font-size: 75px;\">Nuestros medios<\/p>\n<p>[\/vc_custom_heading][vc_custom_heading text_font=\u00bbfont-202503&#8243; text_size=\u00bbh3&#8243; text_weight=\u00bb400&#8243; text_height=\u00bbfontheight-357766&#8243; css_animation=\u00bbbottom-t-top\u00bb animation_delay=\u00bb600&#8243;]<\/p>\n<p style=\"font-size: 20px;\">Cubrimos pr\u00e1cticamente toda la provincia de Ja\u00e9n ofreciendo informaci\u00f3n, entretenimiento y compromiso.<\/p>\n<p>[\/vc_custom_heading][vc_button border_width=\u00bb0&#8243; css_animation=\u00bbbottom-t-top\u00bb link=\u00bburl:%2Fnueva%2Finicio%2F%23slide-2|title:Medios\u00bb]Medios[\/vc_button][\/vc_column_inner][\/vc_row_inner][\/uncode_slider][\/vc_column][\/vc_row][vc_row unlock_row_content=\u00bbyes\u00bb row_height_percent=\u00bb100&#8243; back_color=\u00bbcolor-rgdb\u00bb overlay_alpha=\u00bb50&#8243; gutter_size=\u00bb3&#8243; column_width_percent=\u00bb100&#8243; shift_y=\u00bb0&#8243; z_index=\u00bb0&#8243;][vc_column column_width_percent=\u00bb100&#8243; position_vertical=\u00bbmiddle\u00bb align_horizontal=\u00bbalign_center\u00bb gutter_size=\u00bb3&#8243; style=\u00bbdark\u00bb overlay_alpha=\u00bb50&#8243; shift_x=\u00bb0&#8243; shift_y=\u00bb0&#8243; shift_y_down=\u00bb0&#8243; z_index=\u00bb0&#8243; medium_width=\u00bb0&#8243; mobile_width=\u00bb0&#8243; css_animation=\u00bbzoom-in\u00bb width=\u00bb1\/1&#8243; css=\u00bb.vc_custom_1632381578399{padding-bottom: 100px !important;}\u00bb][vc_custom_heading]QUI\u00c9NES SOMOS[\/vc_custom_heading][vc_raw_html]JTVCc21hcnRzbGlkZXIzJTIwc2xpZGVyJTNEJTIyMTI3JTIyJTVE[\/vc_raw_html][vc_button border_width=\u00bb0&#8243; css_animation=\u00bbbottom-t-top\u00bb link=\u00bburl:%2Fnueva%2Fquienes-somos%2F|title:Quienes%20somos\u00bb]Saber m\u00e1s[\/vc_button][vc_empty_space empty_h=\u00bb5&#8243; medium_visibility=\u00bbyes\u00bb mobile_visibility=\u00bbyes\u00bb][\/vc_column][\/vc_row][vc_row unlock_row_content=\u00bbyes\u00bb row_height_percent=\u00bb100&#8243; back_color=\u00bbcolor-lxmt\u00bb overlay_alpha=\u00bb50&#8243; equal_height=\u00bbyes\u00bb gutter_size=\u00bb0&#8243; column_width_percent=\u00bb100&#8243; shift_y=\u00bb0&#8243; z_index=\u00bb0&#8243; el_class=\u00bbproducts-carousel\u00bb][vc_column column_width_percent=\u00bb90&#8243; position_vertical=\u00bbmiddle\u00bb align_horizontal=\u00bbalign_center\u00bb gutter_size=\u00bb0&#8243; override_padding=\u00bbyes\u00bb column_padding=\u00bb0&#8243; overlay_alpha=\u00bb50&#8243; shift_x=\u00bb0&#8243; shift_y=\u00bb0&#8243; shift_y_down=\u00bb0&#8243; z_index=\u00bb0&#8243; medium_width=\u00bb0&#8243; mobile_width=\u00bb0&#8243; css_animation=\u00bbalpha-anim\u00bb width=\u00bb1\/1&#8243; css=\u00bb.vc_custom_1632381407173{padding-bottom: 100px !important;}\u00bb][vc_custom_heading text_size=\u00bbfontsize-155944&#8243; text_weight=\u00bb700&#8243; text_transform=\u00bbcapitalize\u00bb text_height=\u00bbfontheight-179065&#8243; text_space=\u00bbfontspace-111509&#8243;]MEDIOS[\/vc_custom_heading][uncode_index el_id=\u00bbindex-179190&#8243; loop=\u00bbsize:All|order_by:date|order:ASC|post_type:post|categories:80|taxonomy_count:10&#8243; gutter_size=\u00bb3&#8243; post_items=\u00bbmedia|media|onpost|original\u00bb screen_lg=\u00bb1000&#8243; screen_md=\u00bb600&#8243; screen_sm=\u00bb480&#8243; single_width=\u00bb2&#8243; single_overlay_opacity=\u00bb50&#8243; single_h_align=\u00bbcenter\u00bb single_padding=\u00bb2&#8243; single_css_animation=\u00bbleft-t-right\u00bb items=\u00bbeyI4Nzk2OV9pIjp7InNpbmdsZV9saW5rIjoidXJsOmh0dHAlM0ElMkYlMkZ3d3cuZGllenR2LmVzJTJGfHRpdGxlOkRpZXolMjB0dnx0YXJnZXQ6X2JsYW5rIn0sIjg3OTgxX2kiOnsic2luZ2xlX2xpbmsiOiJ1cmw6aHR0cCUzQSUyRiUyRnd3dy5yYWRpb3ViZWRhLm5ldCUyRnx0aXRsZTpSYWRpbyUyMFViZWRhfHRhcmdldDpfYmxhbmsifSwiODc5ODZfaSI6eyJzaW5nbGVfbGluayI6InVybDpodHRwJTNBJTJGJTJGd3d3LnNlcmFuZHVqYXIuY29tJTJGfHRpdGxlOkNhZGVuYSUyMFNlciUyMEFuZCVDMyVCQWphcnx0YXJnZXQ6X2JsYW5rIn0sIjg3OTkyX2kiOnsic2luZ2xlX2xpbmsiOiJ1cmw6aHR0cHMlM0ElMkYlMkZ3d3cuZmFjZWJvb2suY29tJTJGZGlhbGNhbXBpbmElMkYifSwiODc5ODlfaSI6eyJzaW5nbGVfbGluayI6InVybDpodHRwJTNBJTJGJTJGcmFkaW9qb2Rhci5jb20lMkZ8dGl0bGU6UmFkaW8lMjBKJUMzJUIzZGFyfHRhcmdldDpfYmxhbmsifSwiODgwMTNfaSI6eyJzaW5nbGVfbGluayI6InVybDpodHRwJTNBJTJGJTJGd3d3LnZpdmFqYWVuLm5ldCUyRnx0aXRsZTpWaXZhJTIwSmElQzMlQTlufHRhcmdldDpfYmxhbmsifSwiODc5OTVfaSI6eyJzaW5nbGVfbGluayI6InVybDpodHRwcyUzQSUyRiUyRnd3dy5mYWNlYm9vay5jb20lMkZkaWFsc2llcnJhJTJGIn0sIjg3OTk4X2kiOnsic2luZ2xlX2xpbmsiOiJ1cmw6JTIzbWVkaW9zIn0sIjg4MDAxX2kiOnsic2luZ2xlX2xpbmsiOiJ1cmw6aHR0cHMlM0ElMkYlMkZ3d3cuZmFjZWJvb2suY29tJTJGcmFkaW9sZWNhbXBpbmEifSwiODgwMDRfaSI6eyJzaW5nbGVfbGluayI6InVybDpodHRwJTNBJTJGJTJGd3d3LnJhZGlvdWJlZGEubmV0In0sIjg4MDA3X2kiOnsic2luZ2xlX2xpbmsiOiJ1cmw6aHR0cHMlM0ElMkYlMkZ3d3cuZmFjZWJvb2suY29tJTJGUmFkaW9DYXpvcmxhJTJGIn0sIjg4MDEwX2kiOnsic2luZ2xlX2xpbmsiOiJ1cmw6aHR0cCUzQSUyRiUyRnd3dy5yYWRpb3ViZWRhLm5ldCJ9LCI4ODAxOF9pIjp7InNpbmdsZV9saW5rIjoidXJsOmh0dHBzJTNBJTJGJTJGd3d3LmZhY2Vib29rLmNvbSUyRnJhZGlvbGVTaWVycmElMkYifSwiODgzNDhfaSI6eyJzaW5nbGVfbGluayI6InVybDpodHRwcyUzQSUyRiUyRnd3dy5kaWV6dHYuZXMlMkYifSwiODgzNTRfaSI6eyJzaW5nbGVfbGluayI6InVybDpodHRwcyUzQSUyRiUyRnd3dy5kaWV6dHYuZXMlMkYifSwiODgzNTZfaSI6eyJzaW5nbGVfbGluayI6InVybDpodHRwcyUzQSUyRiUyRnd3dy5kaWV6dHYuZXMlMkYifSwiODgzNThfaSI6eyJzaW5nbGVfbGluayI6InVybDpodHRwcyUzQSUyRiUyRnd3dy5kaWV6dHYuZXMlMkYifSwiODg3MDJfaSI6eyJzaW5nbGVfbGluayI6InVybDpodHRwcyUzQSUyRiUyRmV4dHJhamFlbi5jb20lMkYifX0=\u00bb][vc_empty_space empty_h=\u00bb5&#8243; medium_visibility=\u00bbyes\u00bb mobile_visibility=\u00bbyes\u00bb][\/vc_column][\/vc_row][vc_row unlock_row_content=\u00bbyes\u00bb row_height_percent=\u00bb100&#8243; back_color=\u00bbcolor-rgdb\u00bb overlay_alpha=\u00bb0&#8243; gutter_size=\u00bb3&#8243; column_width_use_pixel=\u00bbyes\u00bb shift_y=\u00bb0&#8243; z_index=\u00bb0&#8243; column_width_pixel=\u00bb1400&#8243;][vc_column column_width_percent=\u00bb100&#8243; position_vertical=\u00bbmiddle\u00bb align_horizontal=\u00bbalign_center\u00bb gutter_size=\u00bb3&#8243; style=\u00bbdark\u00bb overlay_alpha=\u00bb50&#8243; shift_x=\u00bb0&#8243; shift_y=\u00bb0&#8243; shift_y_down=\u00bb0&#8243; z_index=\u00bb0&#8243; medium_width=\u00bb0&#8243; mobile_width=\u00bb0&#8243; css_animation=\u00bbalpha-anim\u00bb width=\u00bb1\/1&#8243; css=\u00bb.vc_custom_1632381589286{padding-bottom: 100px !important;}\u00bb][vc_custom_heading text_size=\u00bbfontsize-155944&#8243; text_weight=\u00bb700&#8243; text_transform=\u00bbcapitalize\u00bb text_space=\u00bbfontspace-111509&#8243;]NEWS[\/vc_custom_heading][uncode_index el_id=\u00bbindex-14701323425678&#8243; loop=\u00bbsize:3|order_by:date|post_type:post|categories:200|taxonomy_count:10&#8243; style_preset=\u00bbmetro\u00bb single_height_viewport=\u00bbyes\u00bb single_height_viewport_minus=\u00bbyes\u00bb gutter_size=\u00bb2&#8243; post_items=\u00bbmedia|featured|onpost|original,date,title\u00bb screen_lg=\u00bb1200&#8243; screen_md=\u00bb1200&#8243; screen_sm=\u00bb480&#8243; single_text=\u00bboverlay\u00bb single_fluid_height=\u00bb100&#8243; single_back_color=\u00bbcolor-xsdn\u00bb single_overlay_color=\u00bbcolor-nhtu\u00bb single_overlay_coloration=\u00bbbottom_gradient\u00bb single_overlay_opacity=\u00bb100&#8243; single_overlay_visible=\u00bbyes\u00bb single_overlay_anim=\u00bbno\u00bb single_text_visible=\u00bbyes\u00bb single_text_anim=\u00bbno\u00bb single_v_position=\u00bbbottom\u00bb single_reduced=\u00bbthree_quarter\u00bb single_padding=\u00bb2&#8243; single_title_dimension=\u00bbh3&#8243; single_title_weight=\u00bb700&#8243; single_title_transform=\u00bbcapitalize\u00bb single_title_space=\u00bbfontspace-781688&#8243; single_text_lead=\u00bbyes\u00bb single_shadow=\u00bbyes\u00bb shadow_weight=\u00bblg\u00bb single_border=\u00bbyes\u00bb single_css_animation=\u00bbzoom-in\u00bb post_matrix=\u00bbmatrix\u00bb matrix_amount=\u00bb3&#8243; no_double_tap=\u00bbyes\u00bb matrix_items=\u00bbe30=\u00bb][vc_button border_width=\u00bb0&#8243; css_animation=\u00bbbottom-t-top\u00bb link=\u00bburl:%2Fnueva%2Fnews|title:News\u00bb]M\u00e1s noticias[\/vc_button][vc_empty_space empty_h=\u00bb5&#8243;][\/vc_column][\/vc_row][vc_row unlock_row_content=\u00bbyes\u00bb row_height_percent=\u00bb100&#8243; override_padding=\u00bbyes\u00bb h_padding=\u00bb2&#8243; top_padding=\u00bb2&#8243; bottom_padding=\u00bb2&#8243; back_color=\u00bbcolor-xsdn\u00bb overlay_alpha=\u00bb0&#8243; equal_height=\u00bbyes\u00bb gutter_size=\u00bb3&#8243; column_width_use_pixel=\u00bbyes\u00bb shift_y=\u00bb0&#8243; z_index=\u00bb0&#8243; column_width_pixel=\u00bb1400&#8243;][vc_column column_width_percent=\u00bb100&#8243; position_vertical=\u00bbmiddle\u00bb align_horizontal=\u00bbalign_center\u00bb gutter_size=\u00bb3&#8243; overlay_alpha=\u00bb50&#8243; shift_x=\u00bb0&#8243; shift_y=\u00bb0&#8243; shift_y_down=\u00bb0&#8243; z_index=\u00bb0&#8243; medium_width=\u00bb0&#8243; mobile_width=\u00bb0&#8243; css_animation=\u00bbleft-t-right\u00bb width=\u00bb2\/3&#8243; el_class=\u00bbcontacto\u00bb][vc_custom_heading]Contacto[\/vc_custom_heading][vc_separator]\n<div class=\"wpcf7 no-js\" id=\"wpcf7-f88043-o1\" lang=\"en-US\" dir=\"ltr\" data-wpcf7-id=\"88043\">\n<div class=\"screen-reader-response\"><p role=\"status\" aria-live=\"polite\" aria-atomic=\"true\"><\/p> <ul><\/ul><\/div>\n<form action=\"\/web\/wp-json\/wp\/v2\/pages\/87955#wpcf7-f88043-o1\" method=\"post\" class=\"wpcf7-form init input-underline\" aria-label=\"Contact form\" novalidate=\"novalidate\" data-status=\"init\">\n<fieldset class=\"hidden-fields-container\"><input type=\"hidden\" name=\"_wpcf7\" value=\"88043\" \/><input type=\"hidden\" name=\"_wpcf7_version\" value=\"6.1.5\" \/><input type=\"hidden\" name=\"_wpcf7_locale\" value=\"en_US\" \/><input type=\"hidden\" name=\"_wpcf7_unit_tag\" value=\"wpcf7-f88043-o1\" \/><input type=\"hidden\" name=\"_wpcf7_container_post\" value=\"0\" \/><input type=\"hidden\" name=\"_wpcf7_posted_data_hash\" value=\"\" \/><input type=\"hidden\" name=\"_wpcf7_recaptcha_response\" value=\"\" \/>\n<\/fieldset>\n<p><span class=\"wpcf7-form-control-wrap\" data-name=\"your-firstname\"><input size=\"40\" maxlength=\"400\" class=\"wpcf7-form-control wpcf7-text wpcf7-validates-as-required form-fluid\" aria-required=\"true\" aria-invalid=\"false\" placeholder=\"Nombre\" value=\"\" type=\"text\" name=\"your-firstname\" \/><\/span>\n<\/p>\n<p><span class=\"wpcf7-form-control-wrap\" data-name=\"your-email\"><input size=\"40\" maxlength=\"400\" class=\"wpcf7-form-control wpcf7-email wpcf7-validates-as-required wpcf7-text wpcf7-validates-as-email form-fluid\" aria-required=\"true\" aria-invalid=\"false\" placeholder=\"Correo\" value=\"\" type=\"email\" name=\"your-email\" \/><\/span>\n<\/p>\n<p><span class=\"wpcf7-form-control-wrap\" data-name=\"your-message\"><textarea cols=\"10\" rows=\"3\" maxlength=\"2000\" class=\"wpcf7-form-control wpcf7-textarea form-fluid\" aria-invalid=\"false\" placeholder=\"Mensaje\" name=\"your-message\"><\/textarea><\/span>\n<\/p>\n<p style=\"font-weight:normal; color:initial;text-align: left;\"><span class=\"wpcf7-form-control-wrap\" data-name=\"checkbox-614\"><span class=\"wpcf7-form-control wpcf7-checkbox wpcf7-validates-as-required\"><span class=\"wpcf7-list-item first last\"><input type=\"checkbox\" name=\"checkbox-614[]\" value=\"\" \/><span class=\"wpcf7-list-item-label\"><\/span><\/span><\/span><\/span><span>He le\u00eddo y acepto la <a href='\/politica-de-privacidad' target='_blank'>Pol\u00edtica de Privacidad<\/a><\/span>\n<\/p>\n<span class=\"wpcf7-form-control-wrap recaptcha\" data-name=\"recaptcha\"><span data-sitekey=\"6Le8AVkcAAAAABX457Z-XmKA6pGECi1EVeZDlr2G\" class=\"wpcf7-form-control wpcf7-recaptcha g-recaptcha\"><\/span>\r\n<noscript>\r\n\t<div class=\"grecaptcha-noscript\">\r\n\t\t<iframe src=\"https:\/\/www.google.com\/recaptcha\/api\/fallback?k=6Le8AVkcAAAAABX457Z-XmKA6pGECi1EVeZDlr2G\" frameborder=\"0\" scrolling=\"no\" width=\"310\" height=\"430\">\r\n\t\t<\/iframe>\r\n\t\t<textarea name=\"g-recaptcha-response\" rows=\"3\" cols=\"40\" placeholder=\"reCaptcha Response Here\">\r\n\t\t<\/textarea>\r\n\t<\/div>\r\n<\/noscript>\r\n<\/span>\n<p><input class=\"wpcf7-form-control wpcf7-submit has-spinner btn btn-dark\" type=\"submit\" value=\"Enviar\" \/>\n<\/p><div class=\"wpcf7-response-output\" aria-hidden=\"true\"><\/div>\n<\/form>\n<\/div>\n[\/vc_column][vc_column column_width_percent=\u00bb100&#8243; gutter_size=\u00bb3&#8243; overlay_alpha=\u00bb50&#8243; shift_x=\u00bb0&#8243; shift_y=\u00bb0&#8243; shift_y_down=\u00bb0&#8243; z_index=\u00bb0&#8243; medium_width=\u00bb0&#8243; mobile_width=\u00bb0&#8243; css_animation=\u00bbright-t-left\u00bb width=\u00bb1\/3&#8243;][vc_custom_heading]D\u00f3nde estamos[\/vc_custom_heading][vc_separator][vc_column_text]Calle Prior Blanca, 4 1\u00ba<br \/>\n23400 \u00dabeda, Ja\u00e9n<\/p>\n<p>Tel\u00e9fono: 953 758336<br \/>\nCorreo: grupomultimedia@grupomultimedia.es[\/vc_column_text][\/vc_column][\/vc_row]<\/p>\n","protected":false},"excerpt":{"rendered":"<p>[vc_row unlock_row_content=\u00bbyes\u00bb row_height_percent=\u00bb100&#8243; overlay_alpha=\u00bb15&#8243; gutter_size=\u00bb3&#8243; column_width_percent=\u00bb100&#8243; shift_y=\u00bb0&#8243; z_index=\u00bb0&#8243; sticky=\u00bbyes\u00bb front_end_with_slider=\u00bbtrue\u00bb][vc_column column_width_percent=\u00bb100&#8243; position_vertical=\u00bbmiddle\u00bb align_horizontal=\u00bbalign_center\u00bb gutter_size=\u00bb3&#8243; expand_height=\u00bbyes\u00bb overlay_alpha=\u00bb50&#8243; shift_x=\u00bb0&#8243; shift_y=\u00bb0&#8243; shift_y_down=\u00bb0&#8243; z_index=\u00bb0&#8243; [&hellip;]<\/p>\n","protected":false},"author":1,"featured_media":0,"parent":0,"menu_order":0,"comment_status":"closed","ping_status":"closed","template":"","meta":{"footnotes":""},"class_list":["post-87955","page","type-page","status-publish","hentry"],"_links":{"self":[{"href":"https:\/\/grupomultimedia.es\/web\/wp-json\/wp\/v2\/pages\/87955","targetHints":{"allow":["GET"]}}],"collection":[{"href":"https:\/\/grupomultimedia.es\/web\/wp-json\/wp\/v2\/pages"}],"about":[{"href":"https:\/\/grupomultimedia.es\/web\/wp-json\/wp\/v2\/types\/page"}],"author":[{"embeddable":true,"href":"https:\/\/grupomultimedia.es\/web\/wp-json\/wp\/v2\/users\/1"}],"replies":[{"embeddable":true,"href":"https:\/\/grupomultimedia.es\/web\/wp-json\/wp\/v2\/comments?post=87955"}],"version-history":[{"count":157,"href":"https:\/\/grupomultimedia.es\/web\/wp-json\/wp\/v2\/pages\/87955\/revisions"}],"predecessor-version":[{"id":88708,"href":"https:\/\/grupomultimedia.es\/web\/wp-json\/wp\/v2\/pages\/87955\/revisions\/88708"}],"wp:attachment":[{"href":"https:\/\/grupomultimedia.es\/web\/wp-json\/wp\/v2\/media?parent=87955"}],"curies":[{"name":"wp","href":"https:\/\/api.w.org\/{rel}","templated":true}]}}