{"id":88167,"date":"2021-09-09T15:51:40","date_gmt":"2021-09-09T15:51:40","guid":{"rendered":"https:\/\/grupomultimedia.es\/web\/?page_id=88167"},"modified":"2025-12-09T12:30:21","modified_gmt":"2025-12-09T12:30:21","slug":"aviso-legal","status":"publish","type":"page","link":"https:\/\/grupomultimedia.es\/web\/aviso-legal\/","title":{"rendered":"Aviso Legal"},"content":{"rendered":"<p>[vc_row][vc_column width=\u00bb1\/1&#8243;][vc_custom_heading]AVISO LEGAL[\/vc_custom_heading][vc_column_text uncode_shortcode_id=\u00bb730779&#8243;]<strong>1. DATOS IDENTIFICATIVOS<\/strong><br \/>\nEn cumplimiento con el deber de informaci\u00f3n recogido en art\u00edculo 10 de la Ley 34\/2002, de 11 de julio, de Servicios de la Sociedad de la Informaci\u00f3n y del Comercio Electr\u00f3nico, a continuaci\u00f3n se reflejan los siguientes datos: la empresa titular de este website es MULTIMEDIA JIENENSE S.L., con domicilio en CALLE PRIOR BLANCA, 2 \u2013 23400 \u2013 UBEDA (JAEN), con N.I.F: B23224843, inscrita en el Registro Mercantil.<\/p>\n<p>Correo electr\u00f3nico de contacto grupomultimedia@grupomultimedia.es.<\/p>\n<p><strong>2. NAVEGANTE<\/strong><br \/>\nEl acceso a y\/o uso del website atribuye la condici\u00f3n de NAVEGANTE, que acepta, desde dicho acceso y\/o uso, los T\u00e9rminos y Condiciones de Uso aqu\u00ed reflejadas. Las citadas Condiciones ser\u00e1n de aplicaci\u00f3n independientemente de las Condiciones Generales y\/o Particulares de Contrataci\u00f3n que en su caso resulten de obligado cumplimiento.<\/p>\n<p>En caso de que el NAVEGANTE acceda a contenidos propios de cada emisora incluida en el website, se le informa de que puede conocer los datos de contacto de cada emisora en el siguiente enlace: ver listado de emisoras<\/p>\n<p><strong>3. USO DEL WEBSITE<\/strong><br \/>\nEl website proporciona acceso a multitud de informaciones, servicios, programas o datos titularidad de MULTIMEDIA JIENENSE S.L., de sus licenciantes, o de terceros, a los que el NAVEGANTE pueda tener acceso. El NAVEGANTE asume la responsabilidad del uso del website. Dicha responsabilidad se extiende al registro que fuese necesario para acceder a determinados servicios o contenidos.<\/p>\n<p><strong>4. REGISTRO DE USUARIOS<\/strong><br \/>\nPara realizar determinadas actividades dentro del website, el NAVEGANTE deber\u00e1 registrarse, adquiriendo la condici\u00f3n de USUARIO. En dicho registro el NAVEGANTE ser\u00e1 responsable de aportar informaci\u00f3n veraz y l\u00edcita, comprometi\u00e9ndose a no crear m\u00faltiples cuentas de usuario, ni USUARIOS con datos de terceros. Como consecuencia de este registro, el USUARIO deber\u00e1 elegir un nick y una contrase\u00f1a.<\/p>\n<p>El USUARIO se compromete a (i) abstenerse de elegir un nick compuesto por expresiones denigrantes, obscenas, discriminatorias, atentatorias contra el derecho al honor de un tercero, o que coincida con signos distintivos protegidos por derechos de propiedad industrial o propiedad intelectual, que puedan ser contrarios a la ley, a la moral o a las buenas costumbres, o que pertenezcan a un tercero y no cuente con su autorizaci\u00f3n; y a (ii) hacer uso de su nick y contrase\u00f1a de forma responsable, diligente y confidencial. El USUARIO ser\u00e1 responsable de los da\u00f1os y perjuicios ocasionados por el uso por parte de cualquier tercero de su nick o contrase\u00f1a a causa de una utilizaci\u00f3n no diligente o extrav\u00edo de los mismos.<\/p>\n<p>Es condici\u00f3n para registrarse que el USUARIO sea mayor de 14 a\u00f1os.<\/p>\n<p>El acceso al website por parte del NAVEGANTE y\/o USUARIO tiene car\u00e1cter libre y gratuito; no obstante, algunos de los servicios y contenidos ofrecidos por MULTIMEDIA JIENENSE S.L. o terceros a trav\u00e9s del website, pueden encontrarse sujetos a la contrataci\u00f3n previa del servicio o producto y al abono de una cantidad de dinero en la forma que se determine en las correspondientes Condiciones Generales y\/o Particulares, en cuyo caso se pondr\u00e1n a su disposici\u00f3n de forma clara.<\/p>\n<p>Queda prohibida la contrataci\u00f3n de productos y servicios a trav\u00e9s del website por parte de menores de edad, debiendo \u00e9stos obtener debidamente y con anterioridad, el consentimiento de sus padres, tutores o representantes legales, los cuales ser\u00e1n considerados como responsables de los actos que lleven a cabo los menores a su cargo, conforme a la normativa vigente.<\/p>\n<p><strong>5. ACTIVIDAD COMO USUARIO REGISTRADO O NAVEGANTE<\/strong><br \/>\nEl USUARIO y\/o NAVEGANTE se compromete a hacer un uso adecuado de los contenidos y servicios que MULTIMEDIA JIENENSE S.L. o terceros, ofrecen a trav\u00e9s de sus websites y con car\u00e1cter enunciativo pero no limitativo, a no emplearlos para (i) incurrir en actividades il\u00edcitas, ilegales o contrarias a la buena fe y al orden p\u00fablico; (ii) difundir contenidos o propaganda de car\u00e1cter racista, xen\u00f3foba, pornogr\u00e1fica, de apolog\u00eda del terrorismo o atentatoria contra los derechos humanos; (iii) provocar da\u00f1os en los sistemas f\u00edsicos y l\u00f3gicos de MULTIMEDIA JIENENSE S.L., de sus proveedores o de terceras personas, introducir o difundir en la red virus inform\u00e1ticos o cualesquiera otros sistemas f\u00edsicos o l\u00f3gicos que sean susceptibles de provocar los da\u00f1os anteriormente mencionados; (iv) intentar acceder y, en su caso, utilizar las cuentas de usuario de otros USUARIOS y\/o NAVEGANTES y modificar o manipular sus mensajes; (v) publicar comunicaciones comerciales de cualquier tipo; (vi) recabar y\/o divulgar datos personales propios o de terceros; (vii) suplantar la identidad del USUARIO; (viii) acosar, molestar o intimidar a otros USUARIOS y\/o NAVEGANTES.<\/p>\n<p>En cualquier caso, MULTIMEDIA JIENENSE S.L. no ser\u00e1 responsable de las opiniones vertidas por el USUARIO y\/o NAVEGANTE a trav\u00e9s de los foros, chats, u otras herramientas de participaci\u00f3n.<\/p>\n<p><strong>6. PROPIEDAD INTELECTUAL E INDUSTRIAL<\/strong><br \/>\nMULTIMEDIA JIENENSE S.L. por s\u00ed o como cesionaria, es titular de todos los derechos de propiedad intelectual e industrial de sus p\u00e1ginas webs, as\u00ed como de los elementos contenidos en el mismo (a t\u00edtulo enunciativo pero no limitativo, gr\u00e1ficos, textos, im\u00e1genes, sonido, audio, v\u00eddeo, bases de datos software, textos o c\u00f3digos fuentes, as\u00ed como cualquier otra creaci\u00f3n protegida por las leyes nacionales y los tratados internacionales sobre propiedad intelectual e industrial); marcas o logotipos, combinaciones de colores, estructura y dise\u00f1o, selecci\u00f3n de materiales usados, programas de ordenador necesarios para su funcionamiento, acceso y uso, etc.). As\u00ed, quedan expresamente prohibidas, a modo enunciativo pero no limitativo: la reproducci\u00f3n, distribuci\u00f3n, comunicaci\u00f3n p\u00fablica, puesta a disposici\u00f3n, transmisi\u00f3n, manipulaci\u00f3n, framing o copia, de la totalidad o parte de los contenidos de esta p\u00e1gina web, en cualquier soporte y por cualquier medio t\u00e9cnico, sin la autorizaci\u00f3n previa por escrito de MULTIMEDIA JIENENSE S.L.. El NAVEGANTE y\/o USUARIO se compromete a respetar los derechos de Propiedad Intelectual e Industrial titularidad de MULTIMEDIA JIENENSE S.L. y de terceros. El NAVEGANTE y\/o USUARIO deber\u00e1 abstenerse de suprimir, alterar, o manipular cualquier dispositivo de protecci\u00f3n o sistema de seguridad que estuviera instalado en el website.<\/p>\n<p>Todos los derechos reservados.<\/p>\n<p><strong>7. PROPIEDAD INTELECTUAL E INDUSTRIAL USUARIO<\/strong><br \/>\nEn relaci\u00f3n al contenido (a modo enunciativo pero no limitativo: fotograf\u00edas, videos, textos, comentarios, audios, conjuntamente \u201cCONTENIDO\u201d) puesto a disposici\u00f3n en el website por el USUARIO y\/o NAVEGANTE, el mismo DECLARA, GARANTIZA y ACEPTA (i) que es titular de todos los derechos de propiedad intelectual, de marca, de patente, secreto comercial, o cualquier otro derecho de tercero sobre el CONTENIDO o cuenta con autorizaci\u00f3n suficiente para su puesta a disposici\u00f3n y cesi\u00f3n de conformidad con los presentes T\u00e9rminos y Condiciones de Uso; (ii) que cuenta con las autorizaciones de las personas que en su caso aparecen en el CONTENIDO; (iii) que el CONTENIDO no infringe en modo alguno la normativa de derecho al honor, intimidad personal y propia imagen, no vulnera los derechos de propiedad intelectual o industrial, no es constitutivo de injurias o calumnias, no es confidencial, ni vulnera ning\u00fan otro derecho perteneciente a tercero ni es perjudicial para el mismo. Asimismo, el USUARIO y\/o NAVEGANTE garantiza el uso y disfrute pac\u00edfico de los derechos cedidos manteniendo indemne a MULTIMEDIA JIENENSE S.L\u00a0 frente a cualquier reclamaci\u00f3n de terceros que pudiera materializarse por incumplimiento de la presente declaraci\u00f3n y\/o garant\u00eda.<\/p>\n<p>Puntualmente, MULTIMEDIA JIENENSE S.L. podr\u00e1 hacer uso del contenido puesto a disposici\u00f3n por el USUARIO y\/o NAVEGANTE en la website, para, entre otros, su inclusi\u00f3n en anuarios, res\u00famenes, compendios o recopilatorios, que MULTIMEDIA JIENENSE S.L edite por s\u00ed o tercero para, entre otros, dar a conocer el website. Por esta raz\u00f3n, el USUARIO y\/o NAVEGANTE cede en exclusiva a MULTIMEDIA JIENENSE S.L., con la facultad de cesi\u00f3n a terceros tambi\u00e9n en exclusiva, para todo el mundo y por el plazo m\u00e1ximo que permite la Legislaci\u00f3n de Propiedad Intelectual, los derechos de explotaci\u00f3n sobre el CONTENIDO (entre otros, reproducci\u00f3n, distribuci\u00f3n y comunicaci\u00f3n p\u00fablica) para su uso a trav\u00e9s de cualquier medio conocido o que pudiera desarrollarse en el futuro y a modo meramente enunciativo: televisi\u00f3n, libros, radio e Internet.<\/p>\n<p>Los derechos de explotaci\u00f3n cedidos incluyen la utilizaci\u00f3n de extractos, secuencias, fragmentos, elementos sonoros, res\u00famenes, etc. del CONTENIDO para su reproducci\u00f3n, distribuci\u00f3n, comunicaci\u00f3n p\u00fablica o puesta a disposici\u00f3n de forma aislada o mediante su incorporaci\u00f3n a otras obras.<\/p>\n<p><strong>8. ENLACES<\/strong><br \/>\nEn el caso de que en el website se dispusiesen enlaces a otros sitios de Internet (mediante, entre otros, links, banners, etc.), gestionados por terceros, MULTIMEDIA JIENENSE S.L.MULTIMEDIA JIENENSE S.L.MULTIMEDIA JIENENSE S.L. no ejercer\u00e1 ning\u00fan tipo de control sobre dichos sitios y\/o contenidos. En ning\u00fan caso MULTIMEDIA JIENENSE S.L.MULTIMEDIA JIENENSE S.L., ni ninguna otra empresa perteneciente a MULTIMEDIA JIENENSE S.L, asumir\u00e1 responsabilidad alguna por los contenidos de los enlaces a un website ajeno, ni garantizar\u00e1 la disponibilidad t\u00e9cnica, calidad, fiabilidad, exactitud, amplitud, veracidad, validez y\/o constitucionalidad de cualquier material o informaci\u00f3n contenida en ninguno de los website a los que enlace. Igualmente el establecimiento de cualquier tipo de enlace por parte de MULTIMEDIA JIENENSE S.L. a otro website no implicar\u00e1 ning\u00fan tipo de relaci\u00f3n, colaboraci\u00f3n, asociaci\u00f3n, fusi\u00f3n o participaci\u00f3n entre MULTIMEDIA JIENENSE S.L. y el resto de empresas pertenecientes a MULTIMEDIA JIENENSE S.L, y el responsable del website enlazado.<\/p>\n<p>Asimismo, el NAVEGANTE o USUARIO que desee introducir enlaces desde sus propios websites al Website deber\u00e1 cumplir con las siguientes disposiciones: (i) el enlace se dirigir\u00e1 bien a la p\u00e1gina principal, bien a cualquiera de las p\u00e1ginas del interior, pero no podr\u00e1 reproducirla de ninguna forma (inline links, copia de los textos, gr\u00e1ficos, etc.); (ii) queda prohibido establecer marcos o frames que permitan la visualizaci\u00f3n de contenidos del website a trav\u00e9s de direcciones distintas a las del propio website, o que se visualicen con contenidos ajenos de forma que puedan producir confusi\u00f3n o enga\u00f1o en los NAVEGANTES o USUARIOS haci\u00e9ndoles creer que existe alg\u00fan tipo de vinculaci\u00f3n entre ambas websites o sus contenidos, o supongan un aprovechamiento de la marca y prestigio de MULTIMEDIA JIENENSE S.L. y\/o cualquier otra empresa perteneciente a MULTIMEDIA JIENENSE S.L. En cualquier caso, la p\u00e1gina que establezca el enlace deber\u00e1 cumplir con la legislaci\u00f3n aplicable en cada momento. En ning\u00fan caso MULTIMEDIA JIENENSE S.L. autoriza el establecimiento de enlaces al website desde aquellas p\u00e1ginas web que contengan materiales, informaci\u00f3n o contenidos il\u00edcitos, ilegales, degradantes, obscenos y que en general, contravengan la moral y el orden p\u00fablico.<\/p>\n<p>Sin perjuicio de lo anterior, algunos enlaces estar\u00e1n previamente negociados o consensuados con el responsable del contenido enlazado, de forma que se genere una contraprestaci\u00f3n por las acciones realizadas libremente por el USUARIO. Esta situaci\u00f3n no afectar\u00e1 en ning\u00fan caso a la exclusi\u00f3n de responsabilidad sobre el contenido enlazado ni a la independencia de este medio de comunicaci\u00f3n.<\/p>\n<p><strong>9. SERVICIOS PRESTADOS POR TERCEROS A TRAV\u00c9S DEL WEBSITE<\/strong><br \/>\nMULTIMEDIA JIENENSE S.L. no garantiza la licitud, calidad, fiabilidad y utilidad de los servicios prestados por terceros a trav\u00e9s del website o sobre los que MULTIMEDIA JIENENSE S.L. \u00fanicamente act\u00fae como mero cauce publicitario.<\/p>\n<p>Ni MULTIMEDIA JIENENSE S.L., ni el resto de empresas pertenecientes a MULTIMEDIA JIENENSE S.L, ser\u00e1n responsables de los da\u00f1os y perjuicios de toda naturaleza causados por los servicios prestados por terceros a trav\u00e9s del website, y en particular, a t\u00edtulo enunciativo pero no limitativo, por (i) infracci\u00f3n de derechos de propiedad intelectual e industrial; (ii) incumplimiento de la ley, la moral o el orden p\u00fablico; (iii) publicidad il\u00edcita, enga\u00f1osa o desleal; (iv) vulneraci\u00f3n derecho al honor, intimidad y propia imagen de terceros; (v) falta de exactitud o veracidad de los contenidos; (vi) transmisi\u00f3n de virus; (vii) el incumplimiento por cualquier causa de las obligaciones contra\u00eddas por terceros y contratos realizados con terceros.<\/p>\n<p>Ni MULTIMEDIA JIENENSE S.L. ni el resto de empresas pertenecientes a MULTIMEDIA JIENENSE S.L ser\u00e1n responsables de establecer las Condiciones Generales y Particulares a tener en cuenta en la utilizaci\u00f3n, prestaci\u00f3n o contrataci\u00f3n de estos servicios por terceros y, por tanto, no podr\u00e1 ser considerado responsable de los mismos.<\/p>\n<p><strong>10. DERECHO DE EXCLUSI\u00d3N<\/strong><br \/>\nMULTIMEDIA JIENENSE S.L. podr\u00e1 retirar y eliminar, sin previo aviso, a modo enunciativo pero no limitativo, todos aquellos comentarios y aportaciones, textos, fotograf\u00edas, audios, o videos. que vulneren el respeto a la dignidad de la persona, que sean discriminatorios, xen\u00f3fobos, racistas, pornogr\u00e1ficos, que atenten contra la juventud o la infancia, la moral el orden o la seguridad p\u00fablica, que sean il\u00edcitos, que vulneren de alg\u00fan modo los presentes T\u00e9rminos y Condiciones de Uso, o que a su juicio, no resultaran adecuados para su publicaci\u00f3n.<\/p>\n<p>Asimismo, MULTIMEDIA JIENENSE S.L. podr\u00e1 retirar y eliminar, sin previo aviso, a modo enunciativo pero no limitativo, cualquier comentario, aportaci\u00f3n, texto, fotograf\u00eda, audio o v\u00eddeo, previa solicitud de tercero que tenga un derecho subjetivo o un inter\u00e9s leg\u00edtimo sobre el contenido que el USUARIO y\/o NAVEGANTE hubiese puesto a disposici\u00f3n en el website. Asimismo, MULTIMEDIA JIENENSE S.L. puede almacenar y hacer uso de las direcciones IP de sus usuarios con el fin de administrar y realizar un seguimiento de la utilizaci\u00f3n del website en su conjunto. MULTIMEDIA JIENENSE S.L. no asociar\u00e1 direcciones IP con informaci\u00f3n identificable personalmente.<\/p>\n<p><strong>11. EXCLUSI\u00d3N DE GARANT\u00cdAS Y EXENCI\u00d3N DE RESPONSABILIDAD<\/strong><br \/>\nNi MULTIMEDIA JIENENSE S.L., ni ninguna de las empresas pertenecientes a MULTIMEDIA JIENENSE S.L, se hacen responsables, en ning\u00fan caso, de los da\u00f1os y perjuicios incluyendo, sin restricci\u00f3n alguna, cualquier p\u00e9rdida de beneficios, lucro cesante o da\u00f1os punitivos, sancionadores, indirectos o emergentes de cualquier naturaleza que pudieran ocasionar, a t\u00edtulo enunciativo pero no limitativo inexactitud, errores u omisiones en los contenidos, falta de disponibilidad, rendimiento o continuidad del website o la transmisi\u00f3n de virus o programas maliciosos o lesivos en los contenidos, website o servidor, a pesar de haber adoptado todas las medidas necesarias, dentro de sus posibilidades y del estado de la tecnolog\u00eda, para garantizar el funcionamiento del website, y evitar la existencia y transmisi\u00f3n de virus o programas maliciosos o lesivos.<\/p>\n<p>Ni MULTIMEDIA JIENENSE S.L., ni el resto de empresas pertenecientes a MULTIMEDIA JIENENSE S.L tienen la capacidad de verificar la identidad de los USUARIOS, ni la veracidad de los datos que el NAVEGANTE y\/o USUARIO aporte sobre s\u00ed mismos o sobre terceros. Por ello, los datos facilitados por se considerar\u00e1n exactos y veraces, salvo prueba en contrario.<\/p>\n<p><strong>12. RESPONSABILIDAD DEL NAVEGANTE Y\/O USUARIO Y GARANT\u00cdA DE INDEMNIDAD<\/strong><br \/>\nEl NAVEGANTE y\/o USUARIO ser\u00e1 responsable de todos los da\u00f1os y perjuicios, incluyendo, sin restricci\u00f3n alguna, cualquier p\u00e9rdida de beneficios, lucro cesante o da\u00f1os punitivos, sancionadores, indirectos o emergentes de cualquier naturaleza causados a MULTIMEDIA JIENENSE S.L., resto de empresas pertenecientes a MULTIMEDIA JIENENSE S.L, otros NAVEGANTES y\/o USUARIOS del website y sus servicios, o cualquier otro tercero, como consecuencia del incumplimiento de los presentes T\u00e9rminos y Condiciones de Uso. Asimismo, el NAVEGANTE o USUARIO mantendr\u00e1 indemne a MULTIMEDIA JIENENSE S.L., frente a cualquier reclamaci\u00f3n de tercero que pudiera materializarse al respecto.<\/p>\n<p>MULTIMEDIA JIENENSE S.L. podr\u00e1 perseguir el incumplimiento de lo dispuesto en el presente documento, as\u00ed como cualquier utilizaci\u00f3n indebida de su website, ejerciendo todas las acciones civiles y penales que en derecho le puedan corresponder.<\/p>\n<p><strong>13. ATAQUES FRAUDULENTOS<\/strong><br \/>\nMULTIMEDIA JIENENSE S.L. no se responsabilizar\u00e1 de ataques o intentos fraudulentos de acceso a las bases de datos por parte de terceros.<\/p>\n<p><strong>14. MODIFICACIONES WEBSITE<\/strong><br \/>\nMULTIMEDIA JIENENSE S.L. se reserva el derecho de efectuar sin previo aviso las modificaciones que considere oportunas en el website, pudiendo cambiar, a\u00f1adir o suprimir tanto los contenidos y servicios que se presten a trav\u00e9s de la misma como la forma en la que \u00e9stos aparezcan presentados o localizados.<\/p>\n<p><strong>15. MODIFICACI\u00d3N DE LOS PRESENTES T\u00c9RMINOS Y CONDICIONES Y VIGENCIA<\/strong><br \/>\nMULTIMEDIA JIENENSE S.L. podr\u00e1 modificar en cualquier momento los t\u00e9rminos y condiciones aqu\u00ed determinadas, siendo debidamente publicadas como aqu\u00ed aparecen. Cada modificaci\u00f3n entrar\u00e1 en vigor una vez haya sido debidamente publicada en el website.[\/vc_column_text][\/vc_column][\/vc_row]<\/p>\n","protected":false},"excerpt":{"rendered":"<p>[vc_row][vc_column width=\u00bb1\/1&#8243;][vc_custom_heading]AVISO LEGAL[\/vc_custom_heading][vc_column_text uncode_shortcode_id=\u00bb730779&#8243;]1. DATOS IDENTIFICATIVOS En cumplimiento con el deber de informaci\u00f3n recogido en art\u00edculo 10 de la Ley [&hellip;]<\/p>\n","protected":false},"author":1,"featured_media":0,"parent":0,"menu_order":0,"comment_status":"closed","ping_status":"closed","template":"","meta":{"footnotes":""},"class_list":["post-88167","page","type-page","status-publish","hentry"],"_links":{"self":[{"href":"https:\/\/grupomultimedia.es\/web\/wp-json\/wp\/v2\/pages\/88167","targetHints":{"allow":["GET"]}}],"collection":[{"href":"https:\/\/grupomultimedia.es\/web\/wp-json\/wp\/v2\/pages"}],"about":[{"href":"https:\/\/grupomultimedia.es\/web\/wp-json\/wp\/v2\/types\/page"}],"author":[{"embeddable":true,"href":"https:\/\/grupomultimedia.es\/web\/wp-json\/wp\/v2\/users\/1"}],"replies":[{"embeddable":true,"href":"https:\/\/grupomultimedia.es\/web\/wp-json\/wp\/v2\/comments?post=88167"}],"version-history":[{"count":6,"href":"https:\/\/grupomultimedia.es\/web\/wp-json\/wp\/v2\/pages\/88167\/revisions"}],"predecessor-version":[{"id":88851,"href":"https:\/\/grupomultimedia.es\/web\/wp-json\/wp\/v2\/pages\/88167\/revisions\/88851"}],"wp:attachment":[{"href":"https:\/\/grupomultimedia.es\/web\/wp-json\/wp\/v2\/media?parent=88167"}],"curies":[{"name":"wp","href":"https:\/\/api.w.org\/{rel}","templated":true}]}}