{"id":88601,"date":"2021-10-27T09:38:57","date_gmt":"2021-10-27T09:38:57","guid":{"rendered":"https:\/\/grupomultimedia.es\/web\/?page_id=88601"},"modified":"2021-10-27T09:38:57","modified_gmt":"2021-10-27T09:38:57","slug":"politica-de-privacidad-en","status":"publish","type":"page","link":"https:\/\/grupomultimedia.es\/web\/en\/politica-de-privacidad-en\/","title":{"rendered":"Privacy Policy"},"content":{"rendered":"<p>[vc_row][vc_column width=\u00bb1\/1&#8243;][vc_custom_heading]POL\u00cdTICA DE PRIVACIDAD[\/vc_custom_heading][vc_column_text]<\/p>\n<div id=\"definiciones\">\n<h2>A) INTRODUCCI\u00d3N Y DEFINICIONES<\/h2>\n<p>Tras leer y aceptar esta Pol\u00edtica de Privacidad y Condiciones de Grupo Multimedia Jiennense, usted podr\u00e1 disfrutar de estos Servicios.<\/p>\n<p>A trav\u00e9s de la aceptaci\u00f3n de esta cl\u00e1usula, usted acepta expresamente la Pol\u00edtica de Privacidad de Grupo Multimedia Jiennense como Usuario de cualquiera de los medios o Servicios y\/o productos, ya sean gratuitos o de pago, que consisten en el acceso a diferentes informaciones, contenidos, programas, apps, tiendas, sitios web de \u2018e-commerce\u2019, v\u00eddeo bajo demanda o similares (en adelante, \u201cGrupo Multimedia Jiennense\u201d) que GRUPO MULTIMEDIA S.l. pone a disposici\u00f3n de los Usuarios en Internet.<\/p>\n<p>Para el correcto entendimiento de esta Pol\u00edtica de Privacidad y las Condiciones de Grupo Multimedia Jiennense, se realizan las siguientes <u>definiciones<\/u>:<\/p>\n<p><b>El Usuario<\/b> ser\u00e1 aquella persona f\u00edsica o jur\u00eddica que acceda y\/o use cualquiera de los Servicios SER por cualquier medio sin necesidad de registrarse. Mediante la aceptaci\u00f3n de esta cl\u00e1usula, el Usuario acepta la Pol\u00edtica de Privacidad y las Condiciones de Grupo Multimedia Jiennense, reflejadas en el presente documento.<\/p>\n<p><strong>Grupo Multimedia Jiennense<\/strong>, abarcan servicios, productos y acciones promocionales, ya sean gratuitos o de pago, que consisten en el acceso a diferentes informaciones, contenidos, comunicaciones comerciales, editoriales y corporativas, programas, aplicaciones, tiendas, sitios web, v\u00eddeo bajo demanda o similares.<\/p>\n<p>La\u00a0<b>Pol\u00edtica de Privacidad de Grupo Multimedia Jiennense<\/b>\u00a0es de aplicaci\u00f3n a:<\/p>\n<ul>\n<li>La navegaci\u00f3n como Usuario que se realice sobre cualquier p\u00e1gina web de Grupo Multimedia Jiennense.<\/li>\n<li>El acceso como Usuario a cualquiera de los contenidos a trav\u00e9s de cualquier otro medio o Grupo Multimedia Jiennense.<\/li>\n<li>La navegaci\u00f3n que se pueda realizar desde cualquier dispositivo desde el que se permita el acceso a los contenidos o a Grupo Multimedia Jiennense, como ordenadores, televisi\u00f3n digital, \u2018Smart Tv\u2019s\u2019, PDA, Tabletas, \u2018iPad\u2019, \u2018iPhone\u2019, tel\u00e9fonos m\u00f3viles, \u2018Smartphones\u2019, suscripciones v\u00eda RSS o cualquier otro medio de acceso a los contenidos puestos a disposici\u00f3n en internet.<\/li>\n<li>La navegaci\u00f3n y disfrute de Grupo Multimedia Jiennense que se realice desde cualquier parte del mundo, ya se trate de Servicios ubicados en el pa\u00eds de acceso o ubicados en otro pa\u00eds.<\/li>\n<\/ul>\n<\/div>\n<div id=\"cumplimiento\">\n<h2>B) CUMPLIMIENTO DE LA NORMATIVA VIGENTE<\/h2>\n<p>GRUPO MULTIMEDIA S.L., al estar ubicado en Espa\u00f1a, est\u00e1 sometido al cumplimiento de la normativa espa\u00f1ola y europea en materia de protecci\u00f3n de datos y servicios de la sociedad de la informaci\u00f3n.<\/p>\n<p>Por lo tanto, GRUPO MULTIMEDIA S.L. garantiza en todo momento el \u00edntegro y pleno cumplimiento de las obligaciones dispuestas por la normativa de protecci\u00f3n de datos y de servicios de la sociedad de la informaci\u00f3n, as\u00ed como por cualquier otra Ley o norma que complemente o sustituya a las anteriores.<\/p>\n<\/div>\n<div id=\"responsable\">\n<h2>C) RESPONSABLE DEL TRATAMIENTO<\/h2>\n<p>Los datos personales recabados a trav\u00e9s de Grupo Multimedia Jiennense, ser\u00e1n incorporados un fichero responsabilidad de GRUPO MULTIMEDIA S.L. empresa espa\u00f1ola con domicilio en la CALLE PRIOR BLANCA, 2 \u2013 23400 \u2013 UBEDA (JAEN), con N.I.F: B23224843, inscrita en el Registro Mercantil (en adelante, GRUPO MULTIMEDIA S.L.).<\/p>\n<p>GRUPO MULTIMEDIA S.L. , ha designado voluntariamente un Delegado de Protecci\u00f3n de Datos a trav\u00e9s del cual el Usuario podr\u00e1 plantear quejas, reclamaciones y sugerencias relativas al tratamiento de sus datos personales, as\u00ed como ejercer sus derechos. Para ello, el Usuario podr\u00e1 dirigirse a la siguiente direcci\u00f3n de correo electr\u00f3nico: <a href=\"mailto:grupomultimedia@grupomultimedia.es\">grupomultimedia@grupomultimedia.es<\/a>.<\/p>\n<\/div>\n<div id=\"finalidad\">\n<h2>D) FINALIDADES DEL TRATAMIENTO DE LOS DATOS PERSONALES DE LOS USUARIOS<\/h2>\n<p>Los datos facilitados por el Usuario de Grupo Multimedia Jiennense son utilizados con diversas finalidades que se enumeran a continuaci\u00f3n:<\/p>\n<p>&nbsp;<\/p>\n<ul>\n<li>Facilitar un Servicio personalizado para el Usuario, adecuando dichos Servicios a su perfil personal, geogr\u00e1fico, as\u00ed como a sus preferencias y gustos.<\/li>\n<li>Definir tipolog\u00edas, segmentaciones y perfiles de usuarios, as\u00ed como prestar, gestionar, administrar, ampliar y mejorar los Servicios y\/o contenidos ofrecidos en los Servicios SER, mediante el an\u00e1lisis de la utilizaci\u00f3n de los Servicios por parte de los Usuarios.<\/li>\n<li>Mostrar informaci\u00f3n editorial o comercial espec\u00edficamente dise\u00f1ada para el perfil inferido en funci\u00f3n del uso de los Servicios SER por parte del Usuario, tanto en servicios propios como en servicios de terceros, pertenecientes a cualquiera de los Sectores, con los que SER llegue a acuerdos. Dicho perfil tambi\u00e9n podr\u00e1 ser inferido en funci\u00f3n de la localizaci\u00f3n geogr\u00e1fica del dispositivo o terminal desde que utiliza los Servicios SER; no obstante, siempre se le solicitar\u00e1 una autorizaci\u00f3n previa y espec\u00edfica para poder tratar dicha informaci\u00f3n.<\/li>\n<li>Dise\u00f1ar nuevos servicios que puedan resultar de su inter\u00e9s.<\/li>\n<li>Gestionar las incidencias y el mantenimiento de los Servicios SER.<\/li>\n<\/ul>\n<p>&nbsp;<\/p>\n<\/div>\n<div id=\"tipos\">\n<h2>E) TIPOS DE DATOS RECOGIDOS A TRAV\u00c9S DE GRUPO MULTIMEDIA JIENNENSE<\/h2>\n<p>GRUPO MULTIMEDIA S.L. recoger\u00e1 datos del Usuario a trav\u00e9s del uso de Grupo Multimedia Jiennense.<\/p>\n<p>Estos datos estar\u00e1n vinculados principalmente a la direcci\u00f3n IP desde la que accede a Grupo Multimedia Jiennense o a un c\u00f3digo de usuario asignado de forma unilateral por GRUPO MULTIMEDIA S.L.. Estos datos podr\u00e1n ser considerados como datos personales en la medida en que permitan identificarle o hacerle identificable.<\/p>\n<p>De esta forma, GRUPO MULTIMEDIA S.L. podr\u00e1 vincular a dichos datos la siguiente informaci\u00f3n:<\/p>\n<ul>\n<li>Datos de uso y navegaci\u00f3n. A efectos estad\u00edsticos y publicitarios, de control del uso de nuestras p\u00e1ginas, de control del acceso a servicios de terceros a trav\u00e9s de Grupo Multimedia Jiennense y de mejorar el conocimiento sobre los intereses del Usuario, se recoger\u00e1n datos de uso y navegaci\u00f3n relativos acerca de qu\u00e9 Servicio utiliza el Usuario, c\u00f3mo lo utiliza, cu\u00e1ndo, qu\u00e9 tipo de Usuario es, o si accede a un anuncio publicitario mostrado en cualquiera de Grupo Multimedia Jiennense.<\/li>\n<li>Intereses y el perfil del Usuario inferidos de la navegaci\u00f3n o uso que haga de Grupo Multimedia Jiennense, as\u00ed como informaci\u00f3n sobre el dispositivo de acceso, el modelo de equipo, la versi\u00f3n del sistema operativo, los identificadores \u00fanicos del dispositivo o de la conexi\u00f3n, datos sobre la red m\u00f3vil, as\u00ed como fallos, actividad del sistema, ajustes del hardware, tipo de navegador, idioma del navegador, fecha y hora de solicitud de conexi\u00f3n, URL de referencia, cookies y otros dispositivos de almacenamiento y recuperaci\u00f3n de datos en equipos terminales (tal y como se explica en la POL\u00cdTICA DE COOKIES), que permiten identificar el navegador y dispositivo del Usuario, as\u00ed como hacer estudios anal\u00edticos y mostrar informaci\u00f3n personalizada en funci\u00f3n del resultado de dichos estudios, tanto en servicios propios como ajenos. El registro en cualquiera de los Servicios SER implica la aceptaci\u00f3n expresa y sin reservas de la\u00a0POL\u00cdTICA DE COOKIES.<\/li>\n<li>Los Servicios SER tambi\u00e9n utilizan tecnolog\u00edas de identificaci\u00f3n y seguimiento de usuarios, como por ejemplo, im\u00e1genes diminutas y transparentes insertas en p\u00e1ginas web y aplicaciones. Cuando el Usuario accede a uno de estos contenidos, las im\u00e1genes se descargan en su dispositivo y permiten conocer que el Usuario ha accedido a Grupo Multimedia Jiennense y reconocerle en caso de que acceda de nuevo. Esta informaci\u00f3n se utiliza para obtener estad\u00edsticas, realizar estudios anal\u00edticos sobre el uso de sus servicios por parte de los Usuarios, y mostrar informaci\u00f3n editorial o comercial personalizada en funci\u00f3n del resultado de dichos estudios, tanto en servicios propios como ajenos.<\/li>\n<li>Grupo Multimedia Jiennense tambi\u00e9n pueden ofrecer enlaces a servicios de terceros que est\u00e9n marcados mediante un c\u00f3digo para que dichos terceros puedan reconocer que ese usuario procede de Grupo Multimedia Jiennense.<\/li>\n<li>Informaci\u00f3n sobre el territorio desde el que se origina la conexi\u00f3n a los Servicios SER, para personalizar dichos servicios y, en su caso, verificar la disponibilidad de los derechos de visualizaci\u00f3n de determinados contenidos audiovisuales.<\/li>\n<\/ul>\n<\/div>\n<div id=\"datos\">\n<p>GRUPO MULTIMEDIA S.L. no ceder\u00e1 los datos personales de los Usuarios a ning\u00fan tercero sin una base jur\u00eddica que legitime este tratamiento.<\/p>\n<p>Para la medici\u00f3n del uso de los Servicios, GRUPO MULTIMEDIA S.L. utiliza proveedores externos (Google, Omniture, y Comscore) que utilizan Cookies para realizar estudios anal\u00edticos del uso de los Servicios SER. El Usuario podr\u00e1 consultar la POL\u00cdTICA DE COOKIES\u00a0en todo momento.<\/p>\n<\/div>\n<div id=\"menores\">\n<h2>G) MENORES DE EDAD<\/h2>\n<p>Los menores de 14 a\u00f1os no deber\u00e1n utilizar los Servicios SER sin consentimiento de sus padres o tutores.<\/p>\n<p>En caso de que GRUPO MULTIMEDIA S.L. detecte usuarios que pudieran ser menores de 14 a\u00f1os, se reserva el derecho a solicitarle una copia de su DNI o documento equivalente, o, en su caso, la autorizaci\u00f3n de sus padres o tutores.<\/p>\n<\/div>\n<div id=\"personas\">\n<h2>H) PERSONAS NOTICIABLES<\/h2>\n<p>Las noticias contenidas en este Sitio Web podr\u00e1n contener datos personales de personas noticiables por ser de relevancia p\u00fablica, por su notoriedad p\u00fablica o por circunstancias sobrevenidas en hechos de inter\u00e9s p\u00fablico de los que son protagonistas.<\/p>\n<p>A trav\u00e9s de este apartado, informamos a las personas noticiables sobre el tratamiento de sus datos conforme lo dispuesto en la normativa vigente, que establece que cuando resulte imposible o requiera un esfuerzo desproporcionado informar a los interesados sobre el tratamiento de sus datos se adopten medidas adecuadas para proteger sus derechos, libertades e intereses leg\u00edtimos, inclusive haciendo publica la informaci\u00f3n, lo cual se cumple a trav\u00e9s de la presente pol\u00edtica de privacidad.<\/p>\n<p>Los datos personales ser\u00e1n obtenidos a trav\u00e9s de la investigaci\u00f3n y los recursos period\u00edsticos a disposici\u00f3n de este medio de comunicaci\u00f3n, consistiendo en los datos pertinentes para la elaboraci\u00f3n de dichas noticias.<\/p>\n<p>La base jur\u00eddica que legitima el tratamiento de los datos personales de personas noticiables es la necesidad de dar cumplimiento a una misi\u00f3n realizada en inter\u00e9s p\u00fablico. Los datos personales se tratar\u00e1n de forma indefinida en el tiempo.<\/p>\n<\/div>\n<div id=\"derechos\">\n<h2>H) DERECHOS DE LOS USUARIOS<\/h2>\n<p>El Usuario podr\u00e1 ejercer los derechos de acceso, rectificaci\u00f3n, supresi\u00f3n, oposici\u00f3n, portabilidad y limitaci\u00f3n, dirigi\u00e9ndose a GRUPO MULTIMEDIA S.L., a trav\u00e9s de correo postal al domicilio de GRUPO MULTIMEDIA S.L., acreditando su identidad con una copia escaneada de su DNI o documento equivalente, y especificando el derecho que desea ejercer. Se recomienda que el usuario facilite toda la informaci\u00f3n sobre Grupo Multimedia Jiennense que utiliza o ha utilizado para poder atender adecuadamente su solicitud. Asimismo, en el caso de que el Usuario desee ejercer un derecho sobre el contenido propio de las emisoras incluidas en el website, se le informa de que puede hacerlo a trav\u00e9s de los datos de contacto de la emisora correspondiente.<\/p>\n<p>El Usuario tendr\u00e1 derecho a formular una queja o reclamaci\u00f3n ante la Agencia Espa\u00f1ola de Protecci\u00f3n de Datos (<a href=\"http:\/\/www.aepd.es\/\" target=\"_blank\" rel=\"noopener\">www.aepd.es<\/a>) y ante el Delegado de Protecci\u00f3n de Datos del Grupo Prisa (<a href=\"mailto:grupomultimedia@grupomultimedia.es\">grupomultimedia@grupomultimedia.es<\/a>).<\/p>\n<\/div>\n<div id=\"plazo\">\n<h2>I) PLAZO DE CONSERVACI\u00d3N DE LOS DATOS<\/h2>\n<p>Los datos personales del Usuario ser\u00e1n tratados de forma activa mientras ostente la condici\u00f3n de Usuario de los Grupo Multimedia Jiennense; es decir, mientras no ejerza su derecho de supresi\u00f3n.<\/p>\n<p>En caso de ejercer su derecho de supresi\u00f3n, sus datos ser\u00e1n bloqueados y conservados de forma restringida a disposici\u00f3n de las autoridades competentes durante un plazo de 5 a\u00f1os para atender a las posibles responsabilidades nacidas del tratamiento.<\/p>\n<\/div>\n<div id=\"legitimacion\">\n<h2>J) LEGITIMACI\u00d3N PARA EL TRATAMIENTO DE LOS DATOS<\/h2>\n<p>La base jur\u00eddica que legitima los tratamientos indicados es el inter\u00e9s leg\u00edtimo de GRUPO MULTIMEDIA S.L. en proporcionar y controlar el acceso a Grupo Multimedia Jiennense.<\/p>\n<\/div>\n<p>[\/vc_column_text][\/vc_column][\/vc_row]<\/p>\n","protected":false},"excerpt":{"rendered":"<p>[vc_row][vc_column width=\u00bb1\/1&#8243;][vc_custom_heading]POL\u00cdTICA DE PRIVACIDAD[\/vc_custom_heading][vc_column_text] A) INTRODUCCI\u00d3N Y DEFINICIONES Tras leer y aceptar esta Pol\u00edtica de Privacidad y Condiciones de Grupo [&hellip;]<\/p>\n","protected":false},"author":1,"featured_media":0,"parent":0,"menu_order":0,"comment_status":"closed","ping_status":"closed","template":"","meta":{"footnotes":""},"class_list":["post-88601","page","type-page","status-publish","hentry"],"_links":{"self":[{"href":"https:\/\/grupomultimedia.es\/web\/wp-json\/wp\/v2\/pages\/88601","targetHints":{"allow":["GET"]}}],"collection":[{"href":"https:\/\/grupomultimedia.es\/web\/wp-json\/wp\/v2\/pages"}],"about":[{"href":"https:\/\/grupomultimedia.es\/web\/wp-json\/wp\/v2\/types\/page"}],"author":[{"embeddable":true,"href":"https:\/\/grupomultimedia.es\/web\/wp-json\/wp\/v2\/users\/1"}],"replies":[{"embeddable":true,"href":"https:\/\/grupomultimedia.es\/web\/wp-json\/wp\/v2\/comments?post=88601"}],"version-history":[{"count":1,"href":"https:\/\/grupomultimedia.es\/web\/wp-json\/wp\/v2\/pages\/88601\/revisions"}],"predecessor-version":[{"id":88602,"href":"https:\/\/grupomultimedia.es\/web\/wp-json\/wp\/v2\/pages\/88601\/revisions\/88602"}],"wp:attachment":[{"href":"https:\/\/grupomultimedia.es\/web\/wp-json\/wp\/v2\/media?parent=88601"}],"curies":[{"name":"wp","href":"https:\/\/api.w.org\/{rel}","templated":true}]}}